{"id":25865428,"date":"2024-11-21T23:17:23","date_gmt":"2024-11-21T23:17:23","guid":{"rendered":"https:\/\/prettycutenails.com\/?post_type=product&#038;p=25865428"},"modified":"2025-01-20T18:10:29","modified_gmt":"2025-01-20T18:10:29","slug":"builder-gel-baby-pink-33","status":"publish","type":"product","link":"https:\/\/prettycutedysnailland.com\/index.php\/producto\/builder-gel-baby-pink-33\/","title":{"rendered":"BUILDER GEL BABY PINK #33"},"content":{"rendered":"<div class=\"css-1dbjc4n r-1oszu61 r-1ha4jm4 r-1niwhzg r-ndvcnb r-42olwf r-gxnn5r r-17gur6a r-fnigne r-13yce4e r-15o5oer r-13awgt0 r-eqz5dr r-16l9doz r-1h0z5md r-14a9v6n r-crgep1 r-p1pxzi r-11wrixw r-61z16t r-1mnahxq r-dnmrzs r-ifefl9 r-bcqeeo r-bztko3 r-t60dpp r-12ijkx4 r-n0puxl r-iyfy8q\" aria-label=\"\" data-testid=\"\">\n<div class=\"css-1dbjc4n r-1oszu61 r-1ha4jm4 r-1niwhzg r-ndvcnb r-42olwf r-gxnn5r r-17gur6a r-fnigne r-13yce4e r-15o5oer r-13awgt0 r-eqz5dr r-16l9doz r-1h0z5md r-14a9v6n r-crgep1 r-p1pxzi r-11wrixw r-61z16t r-1mnahxq r-dnmrzs r-ifefl9 r-bcqeeo r-bztko3 r-t60dpp r-12ijkx4 r-n0puxl r-iyfy8q\" aria-label=\"\" data-testid=\"\">\n<div class=\"css-1dbjc4n r-1oszu61 r-1ha4jm4 r-1niwhzg r-ndvcnb r-42olwf r-gxnn5r r-17gur6a r-fnigne r-13yce4e r-15o5oer r-13awgt0 r-eqz5dr r-16l9doz r-1h0z5md r-14a9v6n r-crgep1 r-p1pxzi r-11wrixw r-61z16t r-1mnahxq r-dnmrzs r-ifefl9 r-bcqeeo r-bztko3 r-t60dpp r-12ijkx4 r-n0puxl r-iyfy8q\" aria-label=\"\" data-testid=\"\">\n<div class=\"css-1dbjc4n r-150rngu r-eqz5dr r-16y2uox r-1wbh5a2 r-11yh6sk r-1rnoaur r-1sncvnh\">\n<div class=\"css-1dbjc4n\">\n<div class=\"css-1dbjc4n r-1oszu61 r-1ha4jm4 r-1niwhzg r-ndvcnb r-42olwf r-gxnn5r r-17gur6a r-fnigne r-13yce4e r-15o5oer r-eqz5dr r-16l9doz r-1h0z5md r-14a9v6n r-crgep1 r-p1pxzi r-11wrixw r-61z16t r-1mnahxq r-dnmrzs r-ifefl9 r-bcqeeo r-bztko3 r-t60dpp r-12ijkx4 r-n0puxl r-iyfy8q\" aria-label=\"\" data-testid=\"\">\n<div class=\"css-901oao r-1at3fau r-deyg0r r-1o4mh9l r-h2u3zw r-p1pxzi r-11wrixw r-61z16t r-1mnahxq r-1ez4vuq r-13wfysu\" dir=\"auto\" aria-label=\"\" data-testid=\"\">\n<p>El builder gel es un tipo de gel m\u00e1s espeso y resistente que se utiliza en la aplicaci\u00f3n de u\u00f1as para crear una estructura s\u00f3lida y duradera. Se usa tanto para extender la longitud de las u\u00f1as naturales como para fortalecerlas y proporcionar Funciones del builder gel:<\/p>\n<p>Extensi\u00f3n de u\u00f1as: Permite alargar las u\u00f1as naturales utilizando moldes o tips, proporcionando una estructura resistente que puede ser modelada y limada.<\/p>\n<p>Fortalecimiento de u\u00f1as naturales: Se aplica directamente sobre la u\u00f1a natural para darle m\u00e1s fuerza y evitar roturas o descamaciones.<\/p>\n<p>Reparaci\u00f3n de u\u00f1as rotas: Es ideal para reparar peque\u00f1as fisuras o grietas en las u\u00f1as naturales sin necesidad de cortar la u\u00f1a.<\/p>\n<\/div>\n<\/div>\n<\/div>\n<\/div>\n<\/div>\n<div class=\"css-1dbjc4n r-z2wwpe r-1loqt21 r-iphfwy r-1m04atk r-1pyaxff r-1h8ys4a r-1otgn73 r-1i6wzkk r-lrvibr\" tabindex=\"0\" data-testid=\"\">\n<div class=\"css-901oao r-h2ci2c r-deyg0r r-1g8p52q r-majxgm r-1pehdec r-p1pxzi r-11wrixw r-61z16t r-1mnahxq r-1ez4vuq r-13wfysu\" dir=\"auto\" aria-label=\"\" data-testid=\"\"><\/div>\n<\/div>\n<\/div>\n<\/div>\n<div class=\"css-1dbjc4n r-1oszu61 r-1ha4jm4 r-1niwhzg r-ndvcnb r-42olwf r-gxnn5r r-17gur6a r-fnigne r-13yce4e r-15o5oer r-eqz5dr r-16l9doz r-1h0z5md r-14a9v6n r-crgep1 r-p1pxzi r-11wrixw r-61z16t r-1mnahxq r-dnmrzs r-ifefl9 r-bcqeeo r-bztko3 r-t60dpp r-12ijkx4 r-n0puxl r-iyfy8q\" aria-label=\"\" data-testid=\"\">\n<div class=\"css-1dbjc4n r-qn3fzs r-gy4na3 r-9aemit r-wk8lta\" aria-label=\"\" data-testid=\"\"><\/div>\n<\/div>\n","protected":false},"excerpt":{"rendered":"<p>BUILDER GEL BABY PINK #33 LUZ UV\/LED 15ML<\/p>\n","protected":false},"featured_media":25865427,"comment_status":"open","ping_status":"closed","template":"","meta":{"_et_pb_use_builder":"","_et_pb_old_content":"","_et_gb_content_width":"","_joinchat":[]},"product_brand":[],"product_cat":[74,32],"product_tag":[],"class_list":{"0":"post-25865428","1":"product","2":"type-product","3":"status-publish","4":"has-post-thumbnail","6":"product_cat-gel-polish-gelmart-3","7":"product_cat-gelmart-3","9":"first","10":"instock","11":"taxable","12":"shipping-taxable","13":"purchasable","14":"product-type-simple"},"_links":{"self":[{"href":"https:\/\/prettycutedysnailland.com\/index.php\/wp-json\/wp\/v2\/product\/25865428","targetHints":{"allow":["GET"]}}],"collection":[{"href":"https:\/\/prettycutedysnailland.com\/index.php\/wp-json\/wp\/v2\/product"}],"about":[{"href":"https:\/\/prettycutedysnailland.com\/index.php\/wp-json\/wp\/v2\/types\/product"}],"replies":[{"embeddable":true,"href":"https:\/\/prettycutedysnailland.com\/index.php\/wp-json\/wp\/v2\/comments?post=25865428"}],"wp:featuredmedia":[{"embeddable":true,"href":"https:\/\/prettycutedysnailland.com\/index.php\/wp-json\/wp\/v2\/media\/25865427"}],"wp:attachment":[{"href":"https:\/\/prettycutedysnailland.com\/index.php\/wp-json\/wp\/v2\/media?parent=25865428"}],"wp:term":[{"taxonomy":"product_brand","embeddable":true,"href":"https:\/\/prettycutedysnailland.com\/index.php\/wp-json\/wp\/v2\/product_brand?post=25865428"},{"taxonomy":"product_cat","embeddable":true,"href":"https:\/\/prettycutedysnailland.com\/index.php\/wp-json\/wp\/v2\/product_cat?post=25865428"},{"taxonomy":"product_tag","embeddable":true,"href":"https:\/\/prettycutedysnailland.com\/index.php\/wp-json\/wp\/v2\/product_tag?post=25865428"}],"curies":[{"name":"wp","href":"https:\/\/api.w.org\/{rel}","templated":true}]}}