{"id":25865627,"date":"2025-01-15T18:49:08","date_gmt":"2025-01-15T18:49:08","guid":{"rendered":"https:\/\/prettycutenails.com\/?post_type=product&#038;p=25865627"},"modified":"2025-01-17T17:54:42","modified_gmt":"2025-01-17T17:54:42","slug":"rubber-building-base-clear","status":"publish","type":"product","link":"https:\/\/prettycutedysnailland.com\/index.php\/producto\/rubber-building-base-clear\/","title":{"rendered":"RUBBER BUILDING BASE CLEAR"},"content":{"rendered":"<p>Con todas las propiedades de la Rubber Base, pero m\u00e1s vers\u00e1til ya que tiene mayor resistencia, por lo que puedes realizar largas extensiones.<\/p>\n<p>Puedes utilizarla sobre u\u00f1a natural, extensiones con forma escultural o sobre tips.<\/p>\n","protected":false},"excerpt":{"rendered":"<p>Con todas las propiedades de la Rubber Base, pero m\u00e1s vers\u00e1til ya que tiene mayor resistencia, por lo que puedes realizar largas extensiones. Puedes utilizarla sobre u\u00f1a natural, extensiones con forma escultural o sobre tips<\/p>\n","protected":false},"featured_media":25865628,"comment_status":"open","ping_status":"closed","template":"","meta":{"_et_pb_use_builder":"","_et_pb_old_content":"","_et_gb_content_width":"","_joinchat":[]},"product_brand":[],"product_cat":[52,63],"product_tag":[],"class_list":{"0":"post-25865627","1":"product","2":"type-product","3":"status-publish","4":"has-post-thumbnail","6":"product_cat-alfatech-plus","7":"product_cat-rubber-base","9":"first","10":"instock","11":"taxable","12":"shipping-taxable","13":"purchasable","14":"product-type-simple"},"_links":{"self":[{"href":"https:\/\/prettycutedysnailland.com\/index.php\/wp-json\/wp\/v2\/product\/25865627","targetHints":{"allow":["GET"]}}],"collection":[{"href":"https:\/\/prettycutedysnailland.com\/index.php\/wp-json\/wp\/v2\/product"}],"about":[{"href":"https:\/\/prettycutedysnailland.com\/index.php\/wp-json\/wp\/v2\/types\/product"}],"replies":[{"embeddable":true,"href":"https:\/\/prettycutedysnailland.com\/index.php\/wp-json\/wp\/v2\/comments?post=25865627"}],"wp:featuredmedia":[{"embeddable":true,"href":"https:\/\/prettycutedysnailland.com\/index.php\/wp-json\/wp\/v2\/media\/25865628"}],"wp:attachment":[{"href":"https:\/\/prettycutedysnailland.com\/index.php\/wp-json\/wp\/v2\/media?parent=25865627"}],"wp:term":[{"taxonomy":"product_brand","embeddable":true,"href":"https:\/\/prettycutedysnailland.com\/index.php\/wp-json\/wp\/v2\/product_brand?post=25865627"},{"taxonomy":"product_cat","embeddable":true,"href":"https:\/\/prettycutedysnailland.com\/index.php\/wp-json\/wp\/v2\/product_cat?post=25865627"},{"taxonomy":"product_tag","embeddable":true,"href":"https:\/\/prettycutedysnailland.com\/index.php\/wp-json\/wp\/v2\/product_tag?post=25865627"}],"curies":[{"name":"wp","href":"https:\/\/api.w.org\/{rel}","templated":true}]}}