{"id":25865692,"date":"2025-01-16T17:31:48","date_gmt":"2025-01-16T17:31:48","guid":{"rendered":"https:\/\/prettycutenails.com\/?post_type=product&#038;p=25865692"},"modified":"2025-01-17T17:45:00","modified_gmt":"2025-01-17T17:45:00","slug":"rubber-base-light-pink","status":"publish","type":"product","link":"https:\/\/prettycutedysnailland.com\/index.php\/producto\/rubber-base-light-pink\/","title":{"rendered":"RUBBER BASE LIGHT PINK"},"content":{"rendered":"<div class=\"product_description\">\n<div class=\"pr_desc\">\n<p>Nivela la placa de la u\u00f1a, aporta color natural a la u\u00f1a, evita astillados y desprendimiento del esmalte.<\/p>\n<p>Produce volumen de u\u00f1as debiles y tratamiento con proteinas.<\/p>\n<\/div>\n<div class=\"pr_switch_wrap\"><\/div>\n<\/div>\n","protected":false},"excerpt":{"rendered":"<div class=\"product_description\">\n<div class=\"pr_desc\">\n<p>Nivela la placa de la u\u00f1a, aporta color natural a la u\u00f1a, evita astillados y desprendimiento del esmalte. Produce volumen de u\u00f1as debiles y tratamiento con proteinas.<\/p>\n<\/div>\n<div class=\"pr_switch_wrap\"><\/div>\n<\/div>\n","protected":false},"featured_media":25865693,"comment_status":"open","ping_status":"closed","template":"","meta":{"_et_pb_use_builder":"","_et_pb_old_content":"","_et_gb_content_width":"","_joinchat":[]},"product_brand":[],"product_cat":[52,63],"product_tag":[],"class_list":{"0":"post-25865692","1":"product","2":"type-product","3":"status-publish","4":"has-post-thumbnail","6":"product_cat-alfatech-plus","7":"product_cat-rubber-base","9":"first","10":"instock","11":"taxable","12":"shipping-taxable","13":"purchasable","14":"product-type-simple"},"_links":{"self":[{"href":"https:\/\/prettycutedysnailland.com\/index.php\/wp-json\/wp\/v2\/product\/25865692","targetHints":{"allow":["GET"]}}],"collection":[{"href":"https:\/\/prettycutedysnailland.com\/index.php\/wp-json\/wp\/v2\/product"}],"about":[{"href":"https:\/\/prettycutedysnailland.com\/index.php\/wp-json\/wp\/v2\/types\/product"}],"replies":[{"embeddable":true,"href":"https:\/\/prettycutedysnailland.com\/index.php\/wp-json\/wp\/v2\/comments?post=25865692"}],"wp:featuredmedia":[{"embeddable":true,"href":"https:\/\/prettycutedysnailland.com\/index.php\/wp-json\/wp\/v2\/media\/25865693"}],"wp:attachment":[{"href":"https:\/\/prettycutedysnailland.com\/index.php\/wp-json\/wp\/v2\/media?parent=25865692"}],"wp:term":[{"taxonomy":"product_brand","embeddable":true,"href":"https:\/\/prettycutedysnailland.com\/index.php\/wp-json\/wp\/v2\/product_brand?post=25865692"},{"taxonomy":"product_cat","embeddable":true,"href":"https:\/\/prettycutedysnailland.com\/index.php\/wp-json\/wp\/v2\/product_cat?post=25865692"},{"taxonomy":"product_tag","embeddable":true,"href":"https:\/\/prettycutedysnailland.com\/index.php\/wp-json\/wp\/v2\/product_tag?post=25865692"}],"curies":[{"name":"wp","href":"https:\/\/api.w.org\/{rel}","templated":true}]}}