{"id":25865791,"date":"2025-01-16T20:11:11","date_gmt":"2025-01-16T20:11:11","guid":{"rendered":"https:\/\/prettycutenails.com\/?post_type=product&#038;p=25865791"},"modified":"2025-01-17T17:33:25","modified_gmt":"2025-01-17T17:33:25","slug":"gel-cat-eye-e03","status":"publish","type":"product","link":"https:\/\/prettycutedysnailland.com\/index.php\/producto\/gel-cat-eye-e03\/","title":{"rendered":"GEL CAT EYE E03"},"content":{"rendered":"<p>Gel con efecto de ojo de gato 3 pasos de larga duraci\u00f3n. Contiene part\u00edculas magn\u00e9ticas que se activan con un im\u00e1n, agrup\u00e1ndolos para crear diferentes formas.<\/p>\n","protected":false},"excerpt":{"rendered":"<p>Gel con efecto de ojo de gato 3 pasos de larga duraci\u00f3n.<\/p>\n<p>Contiene part\u00edculas magn\u00e9ticas que se activan con un im\u00e1n, agrup\u00e1ndolos para crear diferentes formas.<\/p>\n","protected":false},"featured_media":25865792,"comment_status":"open","ping_status":"closed","template":"","meta":{"_et_pb_use_builder":"","_et_pb_old_content":"","_et_gb_content_width":"","_joinchat":[]},"product_brand":[],"product_cat":[52,67],"product_tag":[],"class_list":{"0":"post-25865791","1":"product","2":"type-product","3":"status-publish","4":"has-post-thumbnail","6":"product_cat-alfatech-plus","7":"product_cat-gel-de-efecto-alfatech-plus","9":"first","10":"instock","11":"taxable","12":"shipping-taxable","13":"purchasable","14":"product-type-simple"},"_links":{"self":[{"href":"https:\/\/prettycutedysnailland.com\/index.php\/wp-json\/wp\/v2\/product\/25865791","targetHints":{"allow":["GET"]}}],"collection":[{"href":"https:\/\/prettycutedysnailland.com\/index.php\/wp-json\/wp\/v2\/product"}],"about":[{"href":"https:\/\/prettycutedysnailland.com\/index.php\/wp-json\/wp\/v2\/types\/product"}],"replies":[{"embeddable":true,"href":"https:\/\/prettycutedysnailland.com\/index.php\/wp-json\/wp\/v2\/comments?post=25865791"}],"wp:featuredmedia":[{"embeddable":true,"href":"https:\/\/prettycutedysnailland.com\/index.php\/wp-json\/wp\/v2\/media\/25865792"}],"wp:attachment":[{"href":"https:\/\/prettycutedysnailland.com\/index.php\/wp-json\/wp\/v2\/media?parent=25865791"}],"wp:term":[{"taxonomy":"product_brand","embeddable":true,"href":"https:\/\/prettycutedysnailland.com\/index.php\/wp-json\/wp\/v2\/product_brand?post=25865791"},{"taxonomy":"product_cat","embeddable":true,"href":"https:\/\/prettycutedysnailland.com\/index.php\/wp-json\/wp\/v2\/product_cat?post=25865791"},{"taxonomy":"product_tag","embeddable":true,"href":"https:\/\/prettycutedysnailland.com\/index.php\/wp-json\/wp\/v2\/product_tag?post=25865791"}],"curies":[{"name":"wp","href":"https:\/\/api.w.org\/{rel}","templated":true}]}}