{"id":25865836,"date":"2025-01-17T19:47:45","date_gmt":"2025-01-17T19:47:45","guid":{"rendered":"https:\/\/prettycutenails.com\/?post_type=product&#038;p=25865836"},"modified":"2025-01-17T19:47:45","modified_gmt":"2025-01-17T19:47:45","slug":"rubber-02","status":"publish","type":"product","link":"https:\/\/prettycutedysnailland.com\/index.php\/producto\/rubber-02\/","title":{"rendered":"RUBBER 02"},"content":{"rendered":"<p>El Rubber 02 de Gelmart Nails System combina la flexibilidad de un gel tradicional con una f\u00f3rmula resistente y duradera. Con una variedad de tonos, este gel autonivelante se adapta a tus u\u00f1as, proporcionando fuerza sin a\u00f1adir grosor excesivo. \u00a1Haz que tu manicura dure m\u00e1s y luzca natural con Rubber 02! \u00a1Pru\u00e9balo ahora y eleva tu estilo!<\/p>\n","protected":false},"excerpt":{"rendered":"<p>El Rubber 02 de Gelmart Nails System combina la flexibilidad de un gel tradicional con una f\u00f3rmula resistente y duradera.<\/p>\n<p>Con una variedad de tonos, este gel autonivelante se adapta a tus u\u00f1as, proporcionando fuerza sin a\u00f1adir grosor excesivo. \u00a1Haz que tu manicura dure m\u00e1s y luzca natural con Rubber 02! \u00a1Pru\u00e9balo ahora y eleva tu estilo!<\/p>\n","protected":false},"featured_media":25865837,"comment_status":"open","ping_status":"closed","template":"","meta":{"_et_pb_use_builder":"","_et_pb_old_content":"","_et_gb_content_width":"","_joinchat":[]},"product_brand":[],"product_cat":[71,32],"product_tag":[],"class_list":{"0":"post-25865836","1":"product","2":"type-product","3":"status-publish","4":"has-post-thumbnail","6":"product_cat-base-rubber","7":"product_cat-gelmart-3","9":"first","10":"instock","11":"taxable","12":"shipping-taxable","13":"purchasable","14":"product-type-simple"},"_links":{"self":[{"href":"https:\/\/prettycutedysnailland.com\/index.php\/wp-json\/wp\/v2\/product\/25865836","targetHints":{"allow":["GET"]}}],"collection":[{"href":"https:\/\/prettycutedysnailland.com\/index.php\/wp-json\/wp\/v2\/product"}],"about":[{"href":"https:\/\/prettycutedysnailland.com\/index.php\/wp-json\/wp\/v2\/types\/product"}],"replies":[{"embeddable":true,"href":"https:\/\/prettycutedysnailland.com\/index.php\/wp-json\/wp\/v2\/comments?post=25865836"}],"wp:featuredmedia":[{"embeddable":true,"href":"https:\/\/prettycutedysnailland.com\/index.php\/wp-json\/wp\/v2\/media\/25865837"}],"wp:attachment":[{"href":"https:\/\/prettycutedysnailland.com\/index.php\/wp-json\/wp\/v2\/media?parent=25865836"}],"wp:term":[{"taxonomy":"product_brand","embeddable":true,"href":"https:\/\/prettycutedysnailland.com\/index.php\/wp-json\/wp\/v2\/product_brand?post=25865836"},{"taxonomy":"product_cat","embeddable":true,"href":"https:\/\/prettycutedysnailland.com\/index.php\/wp-json\/wp\/v2\/product_cat?post=25865836"},{"taxonomy":"product_tag","embeddable":true,"href":"https:\/\/prettycutedysnailland.com\/index.php\/wp-json\/wp\/v2\/product_tag?post=25865836"}],"curies":[{"name":"wp","href":"https:\/\/api.w.org\/{rel}","templated":true}]}}