{"id":25865870,"date":"2025-01-20T18:36:27","date_gmt":"2025-01-20T18:36:27","guid":{"rendered":"https:\/\/prettycutenails.com\/?post_type=product&#038;p=25865870"},"modified":"2025-01-21T20:21:33","modified_gmt":"2025-01-21T20:21:33","slug":"coleccion-de-cempasuchil","status":"publish","type":"product","link":"https:\/\/prettycutedysnailland.com\/index.php\/producto\/coleccion-de-cempasuchil\/","title":{"rendered":"COLECCION DE CEMPASUCHIL"},"content":{"rendered":"<p>Colecci\u00f3n de 4 acr\u00edlicos con naturaleza de temporada (oto\u00f1o)<\/p>\n","protected":false},"excerpt":{"rendered":"<p>Colecci\u00f3n de 4 acr\u00edlicos con naturaleza de temporada (oto\u00f1o)<\/p>\n","protected":false},"featured_media":25865871,"comment_status":"open","ping_status":"closed","template":"","meta":{"_et_pb_use_builder":"","_et_pb_old_content":"","_et_gb_content_width":"","_joinchat":[]},"product_brand":[],"product_cat":[83,46],"product_tag":[],"class_list":{"0":"post-25865870","1":"product","2":"type-product","3":"status-publish","4":"has-post-thumbnail","6":"product_cat-colecciones","7":"product_cat-miss-nails","9":"first","10":"instock","11":"taxable","12":"shipping-taxable","13":"purchasable","14":"product-type-simple"},"_links":{"self":[{"href":"https:\/\/prettycutedysnailland.com\/index.php\/wp-json\/wp\/v2\/product\/25865870","targetHints":{"allow":["GET"]}}],"collection":[{"href":"https:\/\/prettycutedysnailland.com\/index.php\/wp-json\/wp\/v2\/product"}],"about":[{"href":"https:\/\/prettycutedysnailland.com\/index.php\/wp-json\/wp\/v2\/types\/product"}],"replies":[{"embeddable":true,"href":"https:\/\/prettycutedysnailland.com\/index.php\/wp-json\/wp\/v2\/comments?post=25865870"}],"wp:featuredmedia":[{"embeddable":true,"href":"https:\/\/prettycutedysnailland.com\/index.php\/wp-json\/wp\/v2\/media\/25865871"}],"wp:attachment":[{"href":"https:\/\/prettycutedysnailland.com\/index.php\/wp-json\/wp\/v2\/media?parent=25865870"}],"wp:term":[{"taxonomy":"product_brand","embeddable":true,"href":"https:\/\/prettycutedysnailland.com\/index.php\/wp-json\/wp\/v2\/product_brand?post=25865870"},{"taxonomy":"product_cat","embeddable":true,"href":"https:\/\/prettycutedysnailland.com\/index.php\/wp-json\/wp\/v2\/product_cat?post=25865870"},{"taxonomy":"product_tag","embeddable":true,"href":"https:\/\/prettycutedysnailland.com\/index.php\/wp-json\/wp\/v2\/product_tag?post=25865870"}],"curies":[{"name":"wp","href":"https:\/\/api.w.org\/{rel}","templated":true}]}}