{"id":25865927,"date":"2025-01-20T20:36:31","date_gmt":"2025-01-20T20:36:31","guid":{"rendered":"https:\/\/prettycutenails.com\/?post_type=product&#038;p=25865927"},"modified":"2025-01-21T19:48:31","modified_gmt":"2025-01-21T19:48:31","slug":"pincel-3d-minisculptor","status":"publish","type":"product","link":"https:\/\/prettycutedysnailland.com\/index.php\/producto\/pincel-3d-minisculptor\/","title":{"rendered":"PINCEL 3D MINISCULPTOR"},"content":{"rendered":"<p>Ideal para crear dise\u00f1os 3D y relieve en acr\u00edlico. Es ligero, de estructura ergon\u00f3mica, que combina cerdas naturales que permiten un manejo profesional del material trabajado.<\/p>\n","protected":false},"excerpt":{"rendered":"<p>Ideal para crear dise\u00f1os 3D y relieve en acr\u00edlico. Es ligero, de estructura ergon\u00f3mica, que combina cerdas naturales que permiten un manejo profesional del material trabajado.<\/p>\n","protected":false},"featured_media":25865928,"comment_status":"open","ping_status":"closed","template":"","meta":{"_et_pb_use_builder":"","_et_pb_old_content":"","_et_gb_content_width":"","_joinchat":[]},"product_brand":[],"product_cat":[46,84],"product_tag":[],"class_list":{"0":"post-25865927","1":"product","2":"type-product","3":"status-publish","4":"has-post-thumbnail","6":"product_cat-miss-nails","7":"product_cat-pinceles","9":"first","10":"outofstock","11":"taxable","12":"shipping-taxable","13":"purchasable","14":"product-type-simple"},"_links":{"self":[{"href":"https:\/\/prettycutedysnailland.com\/index.php\/wp-json\/wp\/v2\/product\/25865927","targetHints":{"allow":["GET"]}}],"collection":[{"href":"https:\/\/prettycutedysnailland.com\/index.php\/wp-json\/wp\/v2\/product"}],"about":[{"href":"https:\/\/prettycutedysnailland.com\/index.php\/wp-json\/wp\/v2\/types\/product"}],"replies":[{"embeddable":true,"href":"https:\/\/prettycutedysnailland.com\/index.php\/wp-json\/wp\/v2\/comments?post=25865927"}],"wp:featuredmedia":[{"embeddable":true,"href":"https:\/\/prettycutedysnailland.com\/index.php\/wp-json\/wp\/v2\/media\/25865928"}],"wp:attachment":[{"href":"https:\/\/prettycutedysnailland.com\/index.php\/wp-json\/wp\/v2\/media?parent=25865927"}],"wp:term":[{"taxonomy":"product_brand","embeddable":true,"href":"https:\/\/prettycutedysnailland.com\/index.php\/wp-json\/wp\/v2\/product_brand?post=25865927"},{"taxonomy":"product_cat","embeddable":true,"href":"https:\/\/prettycutedysnailland.com\/index.php\/wp-json\/wp\/v2\/product_cat?post=25865927"},{"taxonomy":"product_tag","embeddable":true,"href":"https:\/\/prettycutedysnailland.com\/index.php\/wp-json\/wp\/v2\/product_tag?post=25865927"}],"curies":[{"name":"wp","href":"https:\/\/api.w.org\/{rel}","templated":true}]}}