{"id":25866146,"date":"2025-01-23T18:30:45","date_gmt":"2025-01-23T18:30:45","guid":{"rendered":"https:\/\/prettycutenails.com\/?post_type=product&#038;p=25866146"},"modified":"2025-01-23T18:30:45","modified_gmt":"2025-01-23T18:30:45","slug":"decoracion-de-monos-n-1796","status":"publish","type":"product","link":"https:\/\/prettycutedysnailland.com\/index.php\/producto\/decoracion-de-monos-n-1796\/","title":{"rendered":"DECORACION DE MO\u00d1OS N.1796"},"content":{"rendered":"<p>Decoraci\u00f3n de mo\u00f1os<\/p>\n","protected":false},"excerpt":{"rendered":"<p>Decoraci\u00f3n de mo\u00f1os<\/p>\n","protected":false},"featured_media":25866147,"comment_status":"open","ping_status":"closed","template":"","meta":{"_et_pb_use_builder":"","_et_pb_old_content":"","_et_gb_content_width":"","_joinchat":[]},"product_brand":[],"product_cat":[80,46],"product_tag":[],"class_list":{"0":"post-25866146","1":"product","2":"type-product","3":"status-publish","4":"has-post-thumbnail","6":"product_cat-decoraciones-miss-nails","7":"product_cat-miss-nails","9":"first","10":"instock","11":"taxable","12":"shipping-taxable","13":"purchasable","14":"product-type-simple"},"_links":{"self":[{"href":"https:\/\/prettycutedysnailland.com\/index.php\/wp-json\/wp\/v2\/product\/25866146","targetHints":{"allow":["GET"]}}],"collection":[{"href":"https:\/\/prettycutedysnailland.com\/index.php\/wp-json\/wp\/v2\/product"}],"about":[{"href":"https:\/\/prettycutedysnailland.com\/index.php\/wp-json\/wp\/v2\/types\/product"}],"replies":[{"embeddable":true,"href":"https:\/\/prettycutedysnailland.com\/index.php\/wp-json\/wp\/v2\/comments?post=25866146"}],"wp:featuredmedia":[{"embeddable":true,"href":"https:\/\/prettycutedysnailland.com\/index.php\/wp-json\/wp\/v2\/media\/25866147"}],"wp:attachment":[{"href":"https:\/\/prettycutedysnailland.com\/index.php\/wp-json\/wp\/v2\/media?parent=25866146"}],"wp:term":[{"taxonomy":"product_brand","embeddable":true,"href":"https:\/\/prettycutedysnailland.com\/index.php\/wp-json\/wp\/v2\/product_brand?post=25866146"},{"taxonomy":"product_cat","embeddable":true,"href":"https:\/\/prettycutedysnailland.com\/index.php\/wp-json\/wp\/v2\/product_cat?post=25866146"},{"taxonomy":"product_tag","embeddable":true,"href":"https:\/\/prettycutedysnailland.com\/index.php\/wp-json\/wp\/v2\/product_tag?post=25866146"}],"curies":[{"name":"wp","href":"https:\/\/api.w.org\/{rel}","templated":true}]}}