{"id":25867518,"date":"2025-02-18T19:25:06","date_gmt":"2025-02-18T19:25:06","guid":{"rendered":"https:\/\/prettycutenails.com\/?post_type=product&#038;p=25867518"},"modified":"2025-02-25T18:57:28","modified_gmt":"2025-02-25T18:57:28","slug":"extractor-exotic","status":"publish","type":"product","link":"https:\/\/prettycutedysnailland.com\/index.php\/producto\/extractor-exotic\/","title":{"rendered":"EXTRACTOR EXOTIC"},"content":{"rendered":"<p>Mantenga su espacio de trabajo limpio y libre de polvo. Este dise\u00f1o compacto es vers\u00e1til para superficies de trabajo de cualquier tama\u00f1o, con un motor silencioso y una potente succi\u00f3n al vac\u00edo.<\/p>\n<p>Nuevo ventilador grande de 11 aspas que gira a 3000 RPM<br \/>\nlo que significa una succi\u00f3n m\u00e1s fuerte.<br \/>\nTransici\u00f3n m\u00e1s suave entre los ajustes de velocidad<br \/>\n(Extractor de Polvo)<\/p>\n","protected":false},"excerpt":{"rendered":"<p>Mantenga su espacio de trabajo limpio y libre de polvo. Este dise\u00f1o compacto es vers\u00e1til para superficies de trabajo de cualquier tama\u00f1o, con un motor silencioso y una potente succi\u00f3n al vac\u00edo.<\/p>\n<p>Nuevo ventilador grande de 11 aspas que gira a 3000 RPM<br \/>\nlo que significa una succi\u00f3n m\u00e1s fuerte.<br \/>\nTransici\u00f3n m\u00e1s suave entre los ajustes de velocidad<br \/>\n(Extractor de Polvo)<\/p>\n","protected":false},"featured_media":25867810,"comment_status":"open","ping_status":"closed","template":"","meta":{"_et_pb_use_builder":"","_et_pb_old_content":"","_et_gb_content_width":"","_joinchat":[]},"product_brand":[],"product_cat":[146,155],"product_tag":[],"class_list":{"0":"post-25867518","1":"product","2":"type-product","3":"status-publish","4":"has-post-thumbnail","6":"product_cat-exotic","7":"product_cat-herramientas-exotic","9":"first","10":"instock","11":"taxable","12":"shipping-taxable","13":"purchasable","14":"product-type-simple"},"_links":{"self":[{"href":"https:\/\/prettycutedysnailland.com\/index.php\/wp-json\/wp\/v2\/product\/25867518","targetHints":{"allow":["GET"]}}],"collection":[{"href":"https:\/\/prettycutedysnailland.com\/index.php\/wp-json\/wp\/v2\/product"}],"about":[{"href":"https:\/\/prettycutedysnailland.com\/index.php\/wp-json\/wp\/v2\/types\/product"}],"replies":[{"embeddable":true,"href":"https:\/\/prettycutedysnailland.com\/index.php\/wp-json\/wp\/v2\/comments?post=25867518"}],"wp:featuredmedia":[{"embeddable":true,"href":"https:\/\/prettycutedysnailland.com\/index.php\/wp-json\/wp\/v2\/media\/25867810"}],"wp:attachment":[{"href":"https:\/\/prettycutedysnailland.com\/index.php\/wp-json\/wp\/v2\/media?parent=25867518"}],"wp:term":[{"taxonomy":"product_brand","embeddable":true,"href":"https:\/\/prettycutedysnailland.com\/index.php\/wp-json\/wp\/v2\/product_brand?post=25867518"},{"taxonomy":"product_cat","embeddable":true,"href":"https:\/\/prettycutedysnailland.com\/index.php\/wp-json\/wp\/v2\/product_cat?post=25867518"},{"taxonomy":"product_tag","embeddable":true,"href":"https:\/\/prettycutedysnailland.com\/index.php\/wp-json\/wp\/v2\/product_tag?post=25867518"}],"curies":[{"name":"wp","href":"https:\/\/api.w.org\/{rel}","templated":true}]}}