{"id":25868034,"date":"2025-03-20T11:45:49","date_gmt":"2025-03-20T11:45:49","guid":{"rendered":"https:\/\/prettycutenails.com\/?post_type=product&#038;p=25868034"},"modified":"2025-03-20T11:45:49","modified_gmt":"2025-03-20T11:45:49","slug":"gel-rosa-neon-25","status":"publish","type":"product","link":"https:\/\/prettycutedysnailland.com\/index.php\/producto\/gel-rosa-neon-25\/","title":{"rendered":"Gel Rosa Neon 25"},"content":{"rendered":"<p>El Gel Rosa Neon 25\u00a0 &#8220;Fantasy Nails&#8221; ofrece una cobertura impecable con un acabado profesional. Formulado con calcio, no solo embellece tus u\u00f1as, sino que tambi\u00e9n las fortalece, asegurando un look duradero y saludable. Ideal para crear dise\u00f1os elegantes y sofisticados.<\/p>\n","protected":false},"excerpt":{"rendered":"<p>El Gel Rosa Neon 25\u00a0 &#8220;Fantasy Nails&#8221; ofrece una cobertura impecable con un acabado profesional. Formulado con calcio, no solo embellece tus u\u00f1as, sino que tambi\u00e9n las fortalece, asegurando un look duradero y saludable. Ideal para crear dise\u00f1os elegantes y sofisticados<\/p>\n","protected":false},"featured_media":25868035,"comment_status":"open","ping_status":"closed","template":"","meta":{"_et_pb_use_builder":"","_et_pb_old_content":"","_et_gb_content_width":"","_joinchat":[]},"product_brand":[],"product_cat":[175,176],"product_tag":[],"class_list":{"0":"post-25868034","1":"product","2":"type-product","3":"status-publish","4":"has-post-thumbnail","6":"product_cat-fantasy-nails","7":"product_cat-gel-polish-fantasy-nails","9":"first","10":"instock","11":"taxable","12":"shipping-taxable","13":"purchasable","14":"product-type-simple"},"_links":{"self":[{"href":"https:\/\/prettycutedysnailland.com\/index.php\/wp-json\/wp\/v2\/product\/25868034","targetHints":{"allow":["GET"]}}],"collection":[{"href":"https:\/\/prettycutedysnailland.com\/index.php\/wp-json\/wp\/v2\/product"}],"about":[{"href":"https:\/\/prettycutedysnailland.com\/index.php\/wp-json\/wp\/v2\/types\/product"}],"replies":[{"embeddable":true,"href":"https:\/\/prettycutedysnailland.com\/index.php\/wp-json\/wp\/v2\/comments?post=25868034"}],"wp:featuredmedia":[{"embeddable":true,"href":"https:\/\/prettycutedysnailland.com\/index.php\/wp-json\/wp\/v2\/media\/25868035"}],"wp:attachment":[{"href":"https:\/\/prettycutedysnailland.com\/index.php\/wp-json\/wp\/v2\/media?parent=25868034"}],"wp:term":[{"taxonomy":"product_brand","embeddable":true,"href":"https:\/\/prettycutedysnailland.com\/index.php\/wp-json\/wp\/v2\/product_brand?post=25868034"},{"taxonomy":"product_cat","embeddable":true,"href":"https:\/\/prettycutedysnailland.com\/index.php\/wp-json\/wp\/v2\/product_cat?post=25868034"},{"taxonomy":"product_tag","embeddable":true,"href":"https:\/\/prettycutedysnailland.com\/index.php\/wp-json\/wp\/v2\/product_tag?post=25868034"}],"curies":[{"name":"wp","href":"https:\/\/api.w.org\/{rel}","templated":true}]}}