{"id":25869189,"date":"2026-05-13T23:12:02","date_gmt":"2026-05-13T23:12:02","guid":{"rendered":"https:\/\/prettycutedysnailland.com\/?post_type=product&#038;p=25869189"},"modified":"2026-05-13T23:12:02","modified_gmt":"2026-05-13T23:12:02","slug":"gel-strong-d-paint","status":"publish","type":"product","link":"https:\/\/prettycutedysnailland.com\/index.php\/producto\/gel-strong-d-paint\/","title":{"rendered":"GEL STRONG D PAINT"},"content":{"rendered":"<div class=\"user-content mb-4\">\n<p>En Paint Nails System te ofrecemos, strong D un gel de consistencia densa ideal para realizar relieves altos, cuenta con un sistema no wipe perfecto para adherir pigmentos, nos ayuda tambi\u00e9n a adherir cristales y dijes lo cual hace que este gel sea de varios usos. Pasa por nuestra tienda y descubre la amplia selecci\u00f3n de productos para tus aplicaciones. Si buscas algo espec\u00edfico y no lo has encontrado en nuestra p\u00e1gina, ponte en contacto con nosotros y estaremos encantados de ayudarte.<\/p>\n<\/div>\n<div class=\"js-nubesdk-slot\" data-nubesdk-slot=\"after_product_description\"><\/div>\n<div id=\"reviewsapp\"><\/div>\n<div class=\"social-share \"><a class=\"social-share-button svg-icon-text mr-2\" title=\"Compartir en Facebook\" href=\"https:\/\/www.facebook.com\/sharer\/sharer.php?u=https:\/\/paintnailssystem.mitiendanube.com\/productos\/strong-d-30-ml\/\" target=\"_blank\" rel=\"noopener\" data-network=\"facebook\" aria-label=\"Compartir en Facebook\">\u00a0<\/a><a class=\"social-share-button svg-icon-text mr-2\" title=\"Compartir en Twitter\" href=\"https:\/\/twitter.com\/share?url=https:\/\/paintnailssystem.mitiendanube.com\/productos\/strong-d-30-ml\/\" target=\"_blank\" rel=\"noopener\" data-network=\"twitter\" aria-label=\"Compartir en Twitter\">\u00a0<\/a><\/div>\n","protected":false},"excerpt":{"rendered":"<div class=\"user-content mb-4\">\n<p>En Paint Nails System te ofrecemos, strong D un gel de consistencia densa ideal para realizar relieves altos, cuenta con un sistema no wipe perfecto para adherir pigmentos, nos ayuda tambi\u00e9n a adherir cristales y dijes lo cual hace que este gel sea de varios usos. Pasa por nuestra tienda y descubre la amplia selecci\u00f3n de productos para tus aplicaciones. Si buscas algo espec\u00edfico y no lo has encontrado en nuestra p\u00e1gina, ponte en contacto con nosotros y estaremos encantados de ayudarte.<\/p>\n<\/div>\n<div class=\"js-nubesdk-slot\" data-nubesdk-slot=\"after_product_description\"><\/div>\n<div id=\"reviewsapp\"><\/div>\n<div class=\"social-share \"><a class=\"social-share-button svg-icon-text mr-2\" title=\"Compartir en Facebook\" href=\"https:\/\/www.facebook.com\/sharer\/sharer.php?u=https:\/\/paintnailssystem.mitiendanube.com\/productos\/strong-d-30-ml\/\" target=\"_blank\" rel=\"noopener\" data-network=\"facebook\" aria-label=\"Compartir en Facebook\">\u00a0<\/a><a class=\"social-share-button svg-icon-text mr-2\" title=\"Compartir en Twitter\" href=\"https:\/\/twitter.com\/share?url=https:\/\/paintnailssystem.mitiendanube.com\/productos\/strong-d-30-ml\/\" target=\"_blank\" rel=\"noopener\" data-network=\"twitter\" aria-label=\"Compartir en Twitter\">\u00a0<\/a><\/div>\n","protected":false},"featured_media":25869190,"comment_status":"open","ping_status":"closed","template":"","meta":{"_et_pb_use_builder":"","_et_pb_old_content":"","_et_gb_content_width":"","_joinchat":[]},"product_brand":[217],"product_cat":[219,218],"product_tag":[],"class_list":{"0":"post-25869189","1":"product","2":"type-product","3":"status-publish","4":"has-post-thumbnail","6":"product_brand-paint","7":"product_cat-gel-de-arte","8":"product_cat-paint","10":"first","11":"instock","12":"taxable","13":"shipping-taxable","14":"purchasable","15":"product-type-simple"},"_links":{"self":[{"href":"https:\/\/prettycutedysnailland.com\/index.php\/wp-json\/wp\/v2\/product\/25869189","targetHints":{"allow":["GET"]}}],"collection":[{"href":"https:\/\/prettycutedysnailland.com\/index.php\/wp-json\/wp\/v2\/product"}],"about":[{"href":"https:\/\/prettycutedysnailland.com\/index.php\/wp-json\/wp\/v2\/types\/product"}],"replies":[{"embeddable":true,"href":"https:\/\/prettycutedysnailland.com\/index.php\/wp-json\/wp\/v2\/comments?post=25869189"}],"wp:featuredmedia":[{"embeddable":true,"href":"https:\/\/prettycutedysnailland.com\/index.php\/wp-json\/wp\/v2\/media\/25869190"}],"wp:attachment":[{"href":"https:\/\/prettycutedysnailland.com\/index.php\/wp-json\/wp\/v2\/media?parent=25869189"}],"wp:term":[{"taxonomy":"product_brand","embeddable":true,"href":"https:\/\/prettycutedysnailland.com\/index.php\/wp-json\/wp\/v2\/product_brand?post=25869189"},{"taxonomy":"product_cat","embeddable":true,"href":"https:\/\/prettycutedysnailland.com\/index.php\/wp-json\/wp\/v2\/product_cat?post=25869189"},{"taxonomy":"product_tag","embeddable":true,"href":"https:\/\/prettycutedysnailland.com\/index.php\/wp-json\/wp\/v2\/product_tag?post=25869189"}],"curies":[{"name":"wp","href":"https:\/\/api.w.org\/{rel}","templated":true}]}}