{"id":25869200,"date":"2026-05-13T23:36:45","date_gmt":"2026-05-13T23:36:45","guid":{"rendered":"https:\/\/prettycutedysnailland.com\/?post_type=product&#038;p=25869200"},"modified":"2026-05-13T23:36:45","modified_gmt":"2026-05-13T23:36:45","slug":"alcohol-ito-150-ml","status":"publish","type":"product","link":"https:\/\/prettycutedysnailland.com\/index.php\/producto\/alcohol-ito-150-ml\/","title":{"rendered":"ALCOHOL ITO 150 ML"},"content":{"rendered":"<p>Liquido desinfectante y moldeador para nuestros Polygel. Pasa por nuestra tienda y descubre la amplia selecci\u00f3n de productos para tus aplicaciones. Si buscas algo espec\u00edfico y no lo has encontrado en nuestra p\u00e1gina, ponte en contacto con nosotros y estaremos encantados de ayudarte.<\/p>\n","protected":false},"excerpt":{"rendered":"<p>liquido desinfectante y moldeador para nuestros Polygel. Pasa por nuestra tienda y descubre la amplia selecci\u00f3n de productos para tus aplicaciones. Si buscas algo espec\u00edfico y no lo has encontrado en nuestra p\u00e1gina, ponte en contacto con nosotros y estaremos encantados de ayudarte.<\/p>\n","protected":false},"featured_media":25869201,"comment_status":"open","ping_status":"closed","template":"","meta":{"_et_pb_use_builder":"","_et_pb_old_content":"","_et_gb_content_width":"","_joinchat":[]},"product_brand":[217],"product_cat":[220,218],"product_tag":[],"class_list":{"0":"post-25869200","1":"product","2":"type-product","3":"status-publish","4":"has-post-thumbnail","6":"product_brand-paint","7":"product_cat-basicos","8":"product_cat-paint","10":"first","11":"instock","12":"taxable","13":"shipping-taxable","14":"purchasable","15":"product-type-simple"},"_links":{"self":[{"href":"https:\/\/prettycutedysnailland.com\/index.php\/wp-json\/wp\/v2\/product\/25869200","targetHints":{"allow":["GET"]}}],"collection":[{"href":"https:\/\/prettycutedysnailland.com\/index.php\/wp-json\/wp\/v2\/product"}],"about":[{"href":"https:\/\/prettycutedysnailland.com\/index.php\/wp-json\/wp\/v2\/types\/product"}],"replies":[{"embeddable":true,"href":"https:\/\/prettycutedysnailland.com\/index.php\/wp-json\/wp\/v2\/comments?post=25869200"}],"wp:featuredmedia":[{"embeddable":true,"href":"https:\/\/prettycutedysnailland.com\/index.php\/wp-json\/wp\/v2\/media\/25869201"}],"wp:attachment":[{"href":"https:\/\/prettycutedysnailland.com\/index.php\/wp-json\/wp\/v2\/media?parent=25869200"}],"wp:term":[{"taxonomy":"product_brand","embeddable":true,"href":"https:\/\/prettycutedysnailland.com\/index.php\/wp-json\/wp\/v2\/product_brand?post=25869200"},{"taxonomy":"product_cat","embeddable":true,"href":"https:\/\/prettycutedysnailland.com\/index.php\/wp-json\/wp\/v2\/product_cat?post=25869200"},{"taxonomy":"product_tag","embeddable":true,"href":"https:\/\/prettycutedysnailland.com\/index.php\/wp-json\/wp\/v2\/product_tag?post=25869200"}],"curies":[{"name":"wp","href":"https:\/\/api.w.org\/{rel}","templated":true}]}}